{"id":4914,"date":"2023-11-29T11:09:29","date_gmt":"2023-11-29T10:09:29","guid":{"rendered":"https:\/\/showme-stores.com\/our-partners\/"},"modified":"2025-09-19T09:37:04","modified_gmt":"2025-09-19T07:37:04","slug":"our-partners","status":"publish","type":"page","link":"https:\/\/showme-stores.com\/en\/our-partners\/","title":{"rendered":"Our partners"},"content":{"rendered":"<section class=\"section\" style=\"--bg: var(--showroom-bg)\">\n    \n\n<h1 class=\"wp-block-heading has-text-align-center\">Our Collaboration Partners<\/h1>\n\n\n\n<div class=\"container \">\n        \n\n\n<div class=\"customer-container grid_container\">\n    <div class=\"grid_col_12\">\n        <h2 class=\"customers-headline text-ac\"><\/h2>\n    <\/div>\n                    <div class=\"grid_col_4\">\n            <div class=\"customers\">\n                <div class=\"customer\">\n                    <div class=\"side front\">\n                        <div class=\"img\">\n                            <img decoding=\"async\" src=\"https:\/\/showme-stores.com\/wp-content\/uploads\/2023\/11\/gjs-logo.png\" alt=\"\">\n                        <\/div>\n                        <div class=\"info\">\n                            <p class=\"text-ac\">mehr erfahren<\/p>\n                        <\/div>\n                    <\/div>\n                <\/div>\n            <\/div>\n        <\/div>\n        <div class=\"modal-background\">\n            <div class=\"modal\" >\n                <span class=\"btn-close\">&times;<\/span>\n                <h3>GJS Consulting<\/h3>\n\t                                <p class=\"modal-text\">Mit GJS Fiscal k\u00f6nnt ihr stressfrei und sicher den Markteintritt in die Schweiz meistern. Wir helfen euch mit der eCommerce Fiskalvertretung Schweiz Steuer- und Verzollungsfallen zu vermeiden und Kunden zu begeistern. Mit einer DDP-Lieferung, versteuert und verzollt, erreicht ihr h\u00f6chste Kundenzufriedenheit und erf\u00fcllt so die Kundenbed\u00fcrfnisse in der Schweiz. Wollt ihr mit euren Produkten auch den Schweizer Markt erschlie\u00dfen, dann kontaktiert uns unter vat.ch@gjs-fiscal.com oder vereinbart einen Beratungstermin auf www.gjs-fiscal.com\/ch. <\/p>\n                                            <\/div>\n        <\/div>\n                    <div class=\"grid_col_4\">\n            <div class=\"customers\">\n                <div class=\"customer\">\n                    <div class=\"side front\">\n                        <div class=\"img\">\n                            <img decoding=\"async\" src=\"https:\/\/showme-stores.com\/wp-content\/uploads\/2023\/11\/dick-kuechen-logo.png\" alt=\"\">\n                        <\/div>\n                        <div class=\"info\">\n                            <p class=\"text-ac\">mehr erfahren<\/p>\n                        <\/div>\n                    <\/div>\n                <\/div>\n            <\/div>\n        <\/div>\n        <div class=\"modal-background\">\n            <div class=\"modal\" >\n                <span class=\"btn-close\">&times;<\/span>\n                <h3>Dick K\u00fcchen<\/h3>\n\t                                <p class=\"modal-text\">Seit \u00fcber 30 Jahren sind wir Das erfolgreiche Familienunternehmen Dick K\u00fcchen ist seit mehr als 30 Jahren ein verl\u00e4sslicher Partner in Sachen K\u00fcchenkauf. Unter der Leitung von Willy und Inge Dick expandierte das Handelsunternehmen und z\u00e4hlt heute zwei Standorte mit \u00fcber 40 Mitarbeitern. Die heutige Verkaufsfl\u00e4che bel\u00e4uft sich auf rund 3000m2 <\/p>\n                                            <\/div>\n        <\/div>\n                    <div class=\"grid_col_4\">\n            <div class=\"customers\">\n                <div class=\"customer\">\n                    <div class=\"side front\">\n                        <div class=\"img\">\n                            <img decoding=\"async\" src=\"https:\/\/showme-stores.com\/wp-content\/uploads\/2023\/11\/piano-express-logo.png\" alt=\"\">\n                        <\/div>\n                        <div class=\"info\">\n                            <p class=\"text-ac\">mehr erfahren<\/p>\n                        <\/div>\n                    <\/div>\n                <\/div>\n            <\/div>\n        <\/div>\n        <div class=\"modal-background\">\n            <div class=\"modal\" >\n                <span class=\"btn-close\">&times;<\/span>\n                <h3>Piano Express<\/h3>\n\t                                <p class=\"modal-text\">Piano-Express ist seit 2001 als Spezialist f\u00fcr Piano- und M\u00f6beltransporte t\u00e4tig. Durch die stetigen Erweiterungen der Logistikdienstleistungen bietet Piano-Express den kompletten Service rund um Ihr Transportgut an. Dieser Service wird durch unsere Standorte in Deutschland gew\u00e4hrleistet. F\u00fcr Ihren sicheren und fachgerechten Piano- oder M\u00f6beltransport setzen wir ausschlie\u00dflich speziell geschultes Personal ein.\r\n\r\n<\/p>\n                                            <\/div>\n        <\/div>\n                    <div class=\"grid_col_4\">\n            <div class=\"customers\">\n                <div class=\"customer\">\n                    <div class=\"side front\">\n                        <div class=\"img\">\n                            <img decoding=\"async\" src=\"https:\/\/showme-stores.com\/wp-content\/uploads\/2023\/11\/ecw-logo.jpg\" alt=\"\">\n                        <\/div>\n                        <div class=\"info\">\n                            <p class=\"text-ac\">mehr erfahren<\/p>\n                        <\/div>\n                    <\/div>\n                <\/div>\n            <\/div>\n        <\/div>\n        <div class=\"modal-background\">\n            <div class=\"modal\" >\n                <span class=\"btn-close\">&times;<\/span>\n                <h3>eCommerce Werkstatt<\/h3>\n\t                                <p class=\"modal-text\">Die eCommerce (kurz ecw) Werkstatt ist eine Agentur f\u00fcr Online-Marketing und E-Ecommerce in Bielefeld. Seit bereits mehr als 10 Jahren ist die ecw aktiv und bietet Beratung und Support in den Bereichen E-Commerce, Web-Entwicklung, Performance-Marketing, Konzeption, Internetwerbung, Social Media, Design, Linkbuilding, SEO, Content-Marketing &#038; Co. Dabei stellt die M\u00f6belbranche einen gro\u00dfes Schwerpunkt des Unternehmens dar.<\/p>\n                                            <\/div>\n        <\/div>\n    <\/div>\n\n\n<\/div>\n\n\n<\/section>\n<section class=\"section\" style=\"--bg: var(--light-green)\">\n    \n\n<div class=\"container \">\n        \n\n    <section id=\"kontakt\" style=\"scroll-margin-top: 60px;\">\n        <div class=\"container\">\n            <div class=\"contact grid_container\">\n                <div class=\"grid_col_12\">\n                    <div class=\"contact-container hiddenEl\" style=\"background-color: var(--light-green) ;\">\n                        <div class=\"contact-headline text-ac\">\n\t\t\t\t\t\t\t                                <h2 style=\"--form-color: var(--white)\">\n\t\t\t\t\t\t\t\t\tYour Contact for Our Showroom Concept                                <\/h2>\n\t\t\t\t\t\t\t                        <\/div>\n                        <div class=\"contact-info flex\">\n\t\t\t\t\t\t\t                                <div class=\"contact-person flex align-center flex-column justify-center\">\n\t\t\t\t\t\t\t\t\t                                        <div class=\"contact-image\">\n                                                                                            <img decoding=\"async\" src=\"https:\/\/showme-stores.com\/wp-content\/uploads\/2022\/12\/eugen-2.jpg\" alt=\"User Bild\">\n                                                                                    <\/div>\n\t\t\t\t\t\t\t\t\t                                    <div class=\"contact-person-info flex flex-column\">\n\t\t\t\t\t\t\t\t\t\t                                            <h4 style=\"--form-color: var(--white)\">Eugen Sidelnikow<\/h4>\n\t\t\t\t\t\t\t\t\t\t\t\t\t\t\t\t\t\t\t\t\t\t\t\t\t\t\t\t\t\t                                            <span><a style=\"--form-color: var(--white)\" href=\"mailto:info@showme-stores.com\">info@showme-stores.com<\/a><\/span>\n\t\t\t\t\t\t\t\t\t\t                                        <!-- <span style=\"--form-color: var(--white)\">Erreichbarkeit: 24\/7<\/span> -->\n                                    <\/div>\n                                <\/div>\n\t\t\t\t\t\t\t                            <div class=\"contact-form contact-form--white\">\n\t\t\t\t\t\t\t\t\n\t\t\t<form id=\"sib_signup_form_12\" method=\"post\" class=\"sib_signup_form\">\n\t\t\t\t<div class=\"sib_loader\" style=\"display:none;\"><img\n\t\t\t\t\t\t\tsrc=\"https:\/\/showme-stores.com\/wp-includes\/images\/spinner.gif\" alt=\"loader\"><\/div>\n\t\t\t\t<input type=\"hidden\" name=\"sib_form_action\" value=\"subscribe_form_submit\">\n\t\t\t\t<input type=\"hidden\" name=\"sib_form_id\" value=\"12\">\n                <input type=\"hidden\" name=\"sib_form_alert_notice\" value=\"Please fill out this field\">\n                <input type=\"hidden\" name=\"sib_form_invalid_email_notice\" value=\"Your email address is invalid\">\n                <input type=\"hidden\" name=\"sib_security\" value=\"1e4abeaffc\">\n\t\t\t\t<div class=\"sib_signup_box_inside_12\">\n\t\t\t\t\t<div style=\"\/*display:none*\/\" class=\"sib_msg_disp\">\n\t\t\t\t\t<\/div>\n                    \t\t\t\t\t<p class=\"sib-VORNAME-area\"> \r\n    <input type=\"text\" class=\"sib-VORNAME-area\" name=\"Vorname\" value=\"\" required=\"required\">\r\n    <label class=\"sib-VORNAME-area\">Your Name*<\/label> \r\n<\/p>\r\n<p class=\"sib-unternehmen-area\"> \r\n    <input type=\"text\" class=\"sib-UNTERNEHMEN-area\" name=\"UNTERNEHMEN\"> \r\n   <label class=\"sib-UNTERNEHMEN-area\">Company<\/label> \r\n<\/p>\r\n\r\n<p class=\"sib-email-area\"> \r\n    <input type=\"email\" class=\"sib-email-area\" name=\"email\" value=\"\" required=\"required\"> \r\n    <label class=\"sib-email-area\">E-Mail Adress*<\/label> \r\n<\/p>\r\n\r\n<p class=\"sib-telefon-area\"> \r\n    <input type=\"text\" class=\"sib-TELEFON-area\" name=\"TELEFON\"> \r\n   <label class=\"sib-telefon-area\">Phone<\/label> \r\n<\/p>\r\n\r\n<div class=\"sib-MESSAGE-area\"> \r\n    <textarea class=\"sib-MESSAGE-area\" name=\"MESSAGE\"><\/textarea>\r\n    <label class=\"sib-MESSAGE-area\">Message*<\/label> \r\n<\/div>\r\n<div id=\"sib_captcha\" class=\"g-recaptcha\" data-sitekey=\"\"><\/div>\r\n<div class=\"datenschutz\">\r\n<input type=\"checkbox\" name=\"terms\" required=\"required\">I have read the <a href=\"\/datenschutz\">privacy police<\/a> and I agree that data I enter will be collected and stored electronically.\r\n<\/div>\r\n<p> \r\n\r\n    <input type=\"submit\" class=\"btn btn-secondary\" name=\"submit\" value=\"Send\"> \r\n<\/p>\r\n\t\t\t\t<\/div>\n\t\t\t<\/form>\n\t\t\t<style>\n\t\t\t\tform#sib_signup_form_12 p.sib-alert-message {\n    padding: 6px 12px;\n    margin-bottom: 20px;\n    border: 1px solid transparent;\n    border-radius: 4px;\n    -webkit-box-sizing: border-box;\n    -moz-box-sizing: border-box;\n    box-sizing: border-box;\n}\nform#sib_signup_form_12 p.sib-alert-message-error {\n    background-color: #f2dede;\n    border-color: #ebccd1;\n    color: #a94442;\n}\nform#sib_signup_form_12 p.sib-alert-message-success {\n    background-color: #dff0d8;\n    border-color: #d6e9c6;\n    color: #3c763d;\n}\nform#sib_signup_form_12 p.sib-alert-message-warning {\n    background-color: #fcf8e3;\n    border-color: #faebcc;\n    color: #8a6d3b;\n}\n\t\t\t<\/style>\n\t\t\t                            <\/div>\n                        <\/div>\n\n                    <\/div>\n                <\/div>\n            <\/div>\n        <\/div>\n    <\/section>\n<script>\n    let inputs = document.querySelectorAll(\"form p input\");\n    let textareas = document.querySelectorAll(\"form textarea\");\n\n    inputs.forEach((input) => {\n        let label = input.closest('p')\n        label = label.querySelector('label')\n        console.log(label)\n        if(label){\n            label.addEventListener('click', (event) => {\n                console.log('click')\n                input.classList.add(\"is-valid\");\n                input.focus()\n            });\n        }\n        input.addEventListener(\"blur\", (event) => {\n            if (event.target.value) {\n                input.classList.add(\"is-valid\");\n            } else {\n                input.classList.remove(\"is-valid\");\n            }\n        });\n    });\n    textareas.forEach((input) => {\n        let label = input.closest('div')\n        label = label.querySelector('label')\n        if(label){\n            label.addEventListener('click', (event) => {\n                input.classList.add(\"is-valid\");\n                input.focus()\n\n            });\n\n        }\n        input.addEventListener(\"blur\", (event) => {\n            if (event.target.value) {\n                input.classList.add(\"is-valid\");\n            } else {\n                input.classList.remove(\"is-valid\");\n            }\n        });\n    });\n<\/script>\n\n\n<\/div>\n\n\n<\/section>\n","protected":false},"excerpt":{"rendered":"","protected":false},"author":3,"featured_media":0,"parent":0,"menu_order":0,"comment_status":"closed","ping_status":"closed","template":"","meta":{"footnotes":""},"categories":[],"class_list":["post-4914","page","type-page","status-publish","hentry"],"acf":[],"yoast_head":"<!-- This site is optimized with the Yoast SEO plugin v25.5 - https:\/\/yoast.com\/wordpress\/plugins\/seo\/ -->\n<title>Our partners - showme stores | Showroom f\u00fcr Online-H\u00e4ndler<\/title>\n<meta name=\"robots\" content=\"index, follow, max-snippet:-1, max-image-preview:large, max-video-preview:-1\" \/>\n<link rel=\"canonical\" href=\"https:\/\/showme-stores.com\/en\/our-partners\/\" \/>\n<meta property=\"og:locale\" content=\"en_US\" \/>\n<meta property=\"og:type\" content=\"article\" \/>\n<meta property=\"og:title\" content=\"Our partners - showme stores | Showroom f\u00fcr Online-H\u00e4ndler\" \/>\n<meta property=\"og:url\" content=\"https:\/\/showme-stores.com\/en\/our-partners\/\" \/>\n<meta property=\"og:site_name\" content=\"showme stores | Showroom f\u00fcr Online-H\u00e4ndler\" \/>\n<meta property=\"article:modified_time\" content=\"2025-09-19T07:37:04+00:00\" \/>\n<meta property=\"og:image\" content=\"https:\/\/showme-stores.com\/wp-content\/uploads\/2024\/05\/showme-sb.jpg\" \/>\n\t<meta property=\"og:image:width\" content=\"1806\" \/>\n\t<meta property=\"og:image:height\" content=\"439\" \/>\n\t<meta property=\"og:image:type\" content=\"image\/jpeg\" \/>\n<meta name=\"twitter:card\" content=\"summary_large_image\" \/>\n<script type=\"application\/ld+json\" class=\"yoast-schema-graph\">{\"@context\":\"https:\/\/schema.org\",\"@graph\":[{\"@type\":\"WebPage\",\"@id\":\"https:\/\/showme-stores.com\/en\/our-partners\/\",\"url\":\"https:\/\/showme-stores.com\/en\/our-partners\/\",\"name\":\"Our partners - showme stores | Showroom f\u00fcr Online-H\u00e4ndler\",\"isPartOf\":{\"@id\":\"https:\/\/showme-stores.com\/en\/#website\"},\"datePublished\":\"2023-11-29T10:09:29+00:00\",\"dateModified\":\"2025-09-19T07:37:04+00:00\",\"breadcrumb\":{\"@id\":\"https:\/\/showme-stores.com\/en\/our-partners\/#breadcrumb\"},\"inLanguage\":\"en-US\",\"potentialAction\":[{\"@type\":\"ReadAction\",\"target\":[\"https:\/\/showme-stores.com\/en\/our-partners\/\"]}]},{\"@type\":\"BreadcrumbList\",\"@id\":\"https:\/\/showme-stores.com\/en\/our-partners\/#breadcrumb\",\"itemListElement\":[{\"@type\":\"ListItem\",\"position\":1,\"name\":\"Home\",\"item\":\"https:\/\/showme-stores.com\/en\/\"},{\"@type\":\"ListItem\",\"position\":2,\"name\":\"Our partners\"}]},{\"@type\":\"WebSite\",\"@id\":\"https:\/\/showme-stores.com\/en\/#website\",\"url\":\"https:\/\/showme-stores.com\/en\/\",\"name\":\"Showme Stores | Showroom f\u00fcr Online-H\u00e4ndler\",\"description\":\"\",\"publisher\":{\"@id\":\"https:\/\/showme-stores.com\/en\/#organization\"},\"alternateName\":\"Showme Stores\",\"potentialAction\":[{\"@type\":\"SearchAction\",\"target\":{\"@type\":\"EntryPoint\",\"urlTemplate\":\"https:\/\/showme-stores.com\/en\/?s={search_term_string}\"},\"query-input\":{\"@type\":\"PropertyValueSpecification\",\"valueRequired\":true,\"valueName\":\"search_term_string\"}}],\"inLanguage\":\"en-US\"},{\"@type\":\"Organization\",\"@id\":\"https:\/\/showme-stores.com\/en\/#organization\",\"name\":\"Showme Stores | Showrooms f\u00fcr Online-H\u00e4ndler\",\"alternateName\":\"Showme Stores\",\"url\":\"https:\/\/showme-stores.com\/en\/\",\"logo\":{\"@type\":\"ImageObject\",\"inLanguage\":\"en-US\",\"@id\":\"https:\/\/showme-stores.com\/en\/#\/schema\/logo\/image\/\",\"url\":\"https:\/\/showme-stores.com\/wp-content\/uploads\/2024\/05\/showme-sb.jpg\",\"contentUrl\":\"https:\/\/showme-stores.com\/wp-content\/uploads\/2024\/05\/showme-sb.jpg\",\"width\":1806,\"height\":439,\"caption\":\"Showme Stores | Showrooms f\u00fcr Online-H\u00e4ndler\"},\"image\":{\"@id\":\"https:\/\/showme-stores.com\/en\/#\/schema\/logo\/image\/\"},\"sameAs\":[\"https:\/\/www.instagram.com\/stories\/showme_stores\/\",\"https:\/\/www.linkedin.com\/company\/showme-stores-gmbh\/\"]}]}<\/script>\n<!-- \/ Yoast SEO plugin. -->","yoast_head_json":{"title":"Our partners - showme stores | Showroom f\u00fcr Online-H\u00e4ndler","robots":{"index":"index","follow":"follow","max-snippet":"max-snippet:-1","max-image-preview":"max-image-preview:large","max-video-preview":"max-video-preview:-1"},"canonical":"https:\/\/showme-stores.com\/en\/our-partners\/","og_locale":"en_US","og_type":"article","og_title":"Our partners - showme stores | Showroom f\u00fcr Online-H\u00e4ndler","og_url":"https:\/\/showme-stores.com\/en\/our-partners\/","og_site_name":"showme stores | Showroom f\u00fcr Online-H\u00e4ndler","article_modified_time":"2025-09-19T07:37:04+00:00","og_image":[{"width":1806,"height":439,"url":"https:\/\/showme-stores.com\/wp-content\/uploads\/2024\/05\/showme-sb.jpg","type":"image\/jpeg"}],"twitter_card":"summary_large_image","schema":{"@context":"https:\/\/schema.org","@graph":[{"@type":"WebPage","@id":"https:\/\/showme-stores.com\/en\/our-partners\/","url":"https:\/\/showme-stores.com\/en\/our-partners\/","name":"Our partners - showme stores | Showroom f\u00fcr Online-H\u00e4ndler","isPartOf":{"@id":"https:\/\/showme-stores.com\/en\/#website"},"datePublished":"2023-11-29T10:09:29+00:00","dateModified":"2025-09-19T07:37:04+00:00","breadcrumb":{"@id":"https:\/\/showme-stores.com\/en\/our-partners\/#breadcrumb"},"inLanguage":"en-US","potentialAction":[{"@type":"ReadAction","target":["https:\/\/showme-stores.com\/en\/our-partners\/"]}]},{"@type":"BreadcrumbList","@id":"https:\/\/showme-stores.com\/en\/our-partners\/#breadcrumb","itemListElement":[{"@type":"ListItem","position":1,"name":"Home","item":"https:\/\/showme-stores.com\/en\/"},{"@type":"ListItem","position":2,"name":"Our partners"}]},{"@type":"WebSite","@id":"https:\/\/showme-stores.com\/en\/#website","url":"https:\/\/showme-stores.com\/en\/","name":"Showme Stores | Showroom f\u00fcr Online-H\u00e4ndler","description":"","publisher":{"@id":"https:\/\/showme-stores.com\/en\/#organization"},"alternateName":"Showme Stores","potentialAction":[{"@type":"SearchAction","target":{"@type":"EntryPoint","urlTemplate":"https:\/\/showme-stores.com\/en\/?s={search_term_string}"},"query-input":{"@type":"PropertyValueSpecification","valueRequired":true,"valueName":"search_term_string"}}],"inLanguage":"en-US"},{"@type":"Organization","@id":"https:\/\/showme-stores.com\/en\/#organization","name":"Showme Stores | Showrooms f\u00fcr Online-H\u00e4ndler","alternateName":"Showme Stores","url":"https:\/\/showme-stores.com\/en\/","logo":{"@type":"ImageObject","inLanguage":"en-US","@id":"https:\/\/showme-stores.com\/en\/#\/schema\/logo\/image\/","url":"https:\/\/showme-stores.com\/wp-content\/uploads\/2024\/05\/showme-sb.jpg","contentUrl":"https:\/\/showme-stores.com\/wp-content\/uploads\/2024\/05\/showme-sb.jpg","width":1806,"height":439,"caption":"Showme Stores | Showrooms f\u00fcr Online-H\u00e4ndler"},"image":{"@id":"https:\/\/showme-stores.com\/en\/#\/schema\/logo\/image\/"},"sameAs":["https:\/\/www.instagram.com\/stories\/showme_stores\/","https:\/\/www.linkedin.com\/company\/showme-stores-gmbh\/"]}]}},"_links":{"self":[{"href":"https:\/\/showme-stores.com\/en\/wp-json\/wp\/v2\/pages\/4914","targetHints":{"allow":["GET"]}}],"collection":[{"href":"https:\/\/showme-stores.com\/en\/wp-json\/wp\/v2\/pages"}],"about":[{"href":"https:\/\/showme-stores.com\/en\/wp-json\/wp\/v2\/types\/page"}],"author":[{"embeddable":true,"href":"https:\/\/showme-stores.com\/en\/wp-json\/wp\/v2\/users\/3"}],"replies":[{"embeddable":true,"href":"https:\/\/showme-stores.com\/en\/wp-json\/wp\/v2\/comments?post=4914"}],"version-history":[{"count":3,"href":"https:\/\/showme-stores.com\/en\/wp-json\/wp\/v2\/pages\/4914\/revisions"}],"predecessor-version":[{"id":5336,"href":"https:\/\/showme-stores.com\/en\/wp-json\/wp\/v2\/pages\/4914\/revisions\/5336"}],"wp:attachment":[{"href":"https:\/\/showme-stores.com\/en\/wp-json\/wp\/v2\/media?parent=4914"}],"wp:term":[{"taxonomy":"category","embeddable":true,"href":"https:\/\/showme-stores.com\/en\/wp-json\/wp\/v2\/categories?post=4914"}],"curies":[{"name":"wp","href":"https:\/\/api.w.org\/{rel}","templated":true}]}}